{"id":10129,"date":"2024-10-14T08:41:44","date_gmt":"2024-10-14T08:41:44","guid":{"rendered":"https:\/\/www.uklokocnika.cz\/?page_id=10129"},"modified":"2024-10-19T11:25:49","modified_gmt":"2024-10-19T11:25:49","slug":"salonek","status":"publish","type":"page","link":"https:\/\/www.uklokocnika.cz\/?page_id=10129","title":{"rendered":"SALONEK"},"content":{"rendered":"\n<hr class=\"wp-block-separator has-alpha-channel-opacity is-style-dots\"\/>\n\n\n\n<p>P\u0159\u00edjemn\u00fd prostor v&nbsp;klidn\u00e9m prost\u0159ed\u00ed, vhodn\u00fd na obchodn\u00ed sch\u016fzky, oslavy a ve\u010d\u00edrky pro men\u0161\u00ed po\u010det osob (max 24 osob). Na objedn\u00e1vku V\u00e1m r\u00e1di p\u0159iprav\u00edme rauty, ob\u010derstven\u00ed, v\u00fdzdobu dle domluvy. Objedn\u00e1vky na tel. <em>+420&nbsp;777 660 225<\/em>.<\/p>\n\n\n\n<hr class=\"wp-block-separator has-alpha-channel-opacity is-style-wide\"\/>\n\n\n\n<figure class=\"wp-block-gallery has-nested-images columns-default is-cropped wp-block-gallery-1 is-layout-flex wp-block-gallery-is-layout-flex\">\n<figure class=\"wp-block-image size-large\"><a href=\"https:\/\/www.uklokocnika.cz\/wp-content\/uploads\/2024\/10\/enhanced-image-15.png\"><img loading=\"lazy\" decoding=\"async\" width=\"768\" height=\"1024\" data-id=\"10178\" src=\"https:\/\/www.uklokocnika.cz\/wp-content\/uploads\/2024\/10\/enhanced-image-15-768x1024.png\" alt=\"\" class=\"wp-image-10178\" srcset=\"https:\/\/www.uklokocnika.cz\/wp-content\/uploads\/2024\/10\/enhanced-image-15-768x1024.png 768w, https:\/\/www.uklokocnika.cz\/wp-content\/uploads\/2024\/10\/enhanced-image-15-225x300.png 225w, https:\/\/www.uklokocnika.cz\/wp-content\/uploads\/2024\/10\/enhanced-image-15-1152x1536.png 1152w, https:\/\/www.uklokocnika.cz\/wp-content\/uploads\/2024\/10\/enhanced-image-15.png 1536w\" sizes=\"(max-width: 768px) 100vw, 768px\" \/><\/a><\/figure>\n\n\n\n<figure class=\"wp-block-image size-large\"><a href=\"https:\/\/www.uklokocnika.cz\/wp-content\/uploads\/2024\/10\/enhanced-image-17.png\"><img loading=\"lazy\" decoding=\"async\" width=\"768\" height=\"1024\" data-id=\"10181\" src=\"https:\/\/www.uklokocnika.cz\/wp-content\/uploads\/2024\/10\/enhanced-image-17-768x1024.png\" alt=\"\" class=\"wp-image-10181\" srcset=\"https:\/\/www.uklokocnika.cz\/wp-content\/uploads\/2024\/10\/enhanced-image-17-768x1024.png 768w, https:\/\/www.uklokocnika.cz\/wp-content\/uploads\/2024\/10\/enhanced-image-17-225x300.png 225w, https:\/\/www.uklokocnika.cz\/wp-content\/uploads\/2024\/10\/enhanced-image-17-1152x1536.png 1152w, https:\/\/www.uklokocnika.cz\/wp-content\/uploads\/2024\/10\/enhanced-image-17.png 1536w\" sizes=\"(max-width: 768px) 100vw, 768px\" \/><\/a><\/figure>\n\n\n\n<figure class=\"wp-block-image size-large\"><a href=\"https:\/\/www.uklokocnika.cz\/wp-content\/uploads\/2024\/10\/enhanced-image-14.png\"><img loading=\"lazy\" decoding=\"async\" width=\"1024\" height=\"768\" data-id=\"10179\" src=\"https:\/\/www.uklokocnika.cz\/wp-content\/uploads\/2024\/10\/enhanced-image-14-1024x768.png\" alt=\"\" class=\"wp-image-10179\" srcset=\"https:\/\/www.uklokocnika.cz\/wp-content\/uploads\/2024\/10\/enhanced-image-14-1024x768.png 1024w, https:\/\/www.uklokocnika.cz\/wp-content\/uploads\/2024\/10\/enhanced-image-14-300x225.png 300w, https:\/\/www.uklokocnika.cz\/wp-content\/uploads\/2024\/10\/enhanced-image-14-768x576.png 768w, https:\/\/www.uklokocnika.cz\/wp-content\/uploads\/2024\/10\/enhanced-image-14-1536x1152.png 1536w, https:\/\/www.uklokocnika.cz\/wp-content\/uploads\/2024\/10\/enhanced-image-14.png 2048w\" sizes=\"(max-width: 1024px) 100vw, 1024px\" \/><\/a><\/figure>\n<\/figure>\n\n\n\n<hr class=\"wp-block-separator has-alpha-channel-opacity is-style-dots\"\/>\n\n\n<a href=\"https:\/\/www.uklokocnika.cz\/wp-content\/uploads\/2024\/10\/NABIDKA-OBCERSTVENI_WEB-1.pdf\" class=\"pdfemb-viewer\" style=\"\" data-width=\"max\" data-height=\"max\" data-toolbar=\"bottom\" data-toolbar-fixed=\"off\">NABIDKA OBCERSTVENI_WEB<\/a>","protected":false},"excerpt":{"rendered":"<p>P\u0159\u00edjemn\u00fd prostor v&nbsp;klidn\u00e9m prost\u0159ed\u00ed, vhodn\u00fd na obchodn\u00ed sch\u016fzky, oslavy a ve\u010d\u00edrky pro men\u0161\u00ed po\u010det osob (max 24 osob). Na objedn\u00e1vku V\u00e1m r\u00e1di p\u0159iprav\u00edme rauty, ob\u010derstven\u00ed, v\u00fdzdobu dle domluvy. Objedn\u00e1vky na tel. +420&nbsp;777 660 225.<\/p>\n","protected":false},"author":1,"featured_media":0,"parent":0,"menu_order":0,"comment_status":"closed","ping_status":"closed","template":"","meta":{"footnotes":""},"class_list":["post-10129","page","type-page","status-publish","hentry"],"_links":{"self":[{"href":"https:\/\/www.uklokocnika.cz\/index.php?rest_route=\/wp\/v2\/pages\/10129"}],"collection":[{"href":"https:\/\/www.uklokocnika.cz\/index.php?rest_route=\/wp\/v2\/pages"}],"about":[{"href":"https:\/\/www.uklokocnika.cz\/index.php?rest_route=\/wp\/v2\/types\/page"}],"author":[{"embeddable":true,"href":"https:\/\/www.uklokocnika.cz\/index.php?rest_route=\/wp\/v2\/users\/1"}],"replies":[{"embeddable":true,"href":"https:\/\/www.uklokocnika.cz\/index.php?rest_route=%2Fwp%2Fv2%2Fcomments&post=10129"}],"version-history":[{"count":6,"href":"https:\/\/www.uklokocnika.cz\/index.php?rest_route=\/wp\/v2\/pages\/10129\/revisions"}],"predecessor-version":[{"id":10182,"href":"https:\/\/www.uklokocnika.cz\/index.php?rest_route=\/wp\/v2\/pages\/10129\/revisions\/10182"}],"wp:attachment":[{"href":"https:\/\/www.uklokocnika.cz\/index.php?rest_route=%2Fwp%2Fv2%2Fmedia&parent=10129"}],"curies":[{"name":"wp","href":"https:\/\/api.w.org\/{rel}","templated":true}]}}