{"id":55,"date":"2016-11-03T03:30:50","date_gmt":"2016-11-03T03:30:50","guid":{"rendered":"http:\/\/uklokocnika.cz\/?page_id=55"},"modified":"2024-12-13T10:58:45","modified_gmt":"2024-12-13T10:58:45","slug":"kontakt-2","status":"publish","type":"page","link":"https:\/\/www.uklokocnika.cz\/?page_id=55","title":{"rendered":"KONTAKT"},"content":{"rendered":"<p style=\"text-align: left;\"><strong>adresa:<\/strong>\u00a0 \u00a0Na Vesel\u00ed 702\/48, Praha 4, 140 00<br \/><strong>tram:<\/strong>\u00a0 \u00a0 \u00a0 \u00a0Na Vesel\u00ed, Vozovna Pankr\u00e1c<br \/><strong>bus:<\/strong>\u00a0 \u00a0 \u00a0 \u00a0 \u00a0zast\u00e1vka Jezerka<br \/><strong>metro:<\/strong>\u00a0 \u00a0 \u00a0zast\u00e1vka Pra\u017esk\u00e9ho povst\u00e1n\u00ed, Pankr\u00e1c<\/p>\n<h4 style=\"text-align: left;\"><strong>tel.: rezervace, objedn\u00e1vka j\u00eddel:<\/strong><\/h4>\n<h3 style=\"text-align: left;\"><strong> <em><span style=\"color: #ff0000;\">+420 731 827 930<\/span><\/em><\/strong><\/h3>\n<h4 style=\"text-align: left;\"><strong>tel.: rezervace &#8211; v\u00edce ne\u017e jeden st\u016fl, objedn\u00e1vky &#8211; rauty, oslavy:<\/strong><\/h4>\n<h3 style=\"text-align: left;\"><strong>\u00a0<span style=\"color: #ff0000;\"><em>+420\u00a0777 660 225<\/em><\/span><\/strong><\/h3>\n<h3 style=\"text-align: left;\"><span style=\"color: #ff0000;\">hospoda@uklokocnika.cz<\/span><\/h3>\n<p><a href=\"https:\/\/www.uklokocnika.cz\/wp-content\/uploads\/2016\/11\/mapka.jpg\"><img loading=\"lazy\" decoding=\"async\" class=\"wp-image-112 alignleft\" src=\"https:\/\/www.uklokocnika.cz\/wp-content\/uploads\/2016\/11\/mapka-300x298.jpg\" alt=\"\" width=\"836\" height=\"830\" srcset=\"https:\/\/www.uklokocnika.cz\/wp-content\/uploads\/2016\/11\/mapka-300x298.jpg 300w, https:\/\/www.uklokocnika.cz\/wp-content\/uploads\/2016\/11\/mapka-150x150.jpg 150w, https:\/\/www.uklokocnika.cz\/wp-content\/uploads\/2016\/11\/mapka-768x762.jpg 768w, https:\/\/www.uklokocnika.cz\/wp-content\/uploads\/2016\/11\/mapka.jpg 901w\" sizes=\"(max-width: 836px) 100vw, 836px\" \/><\/a><\/p>\n<p><a href=\"http:\/\/uklokocnika.cz\/wp-content\/uploads\/2016\/11\/IMG_0372-e1495693581615.jpg\"><img loading=\"lazy\" decoding=\"async\" class=\"size-large wp-image-58 aligncenter\" src=\"http:\/\/uklokocnika.cz\/wp-content\/uploads\/2016\/11\/IMG_0372-e1495693581615-1024x729.jpg\" alt=\"img_0372\" width=\"1024\" height=\"729\" srcset=\"https:\/\/www.uklokocnika.cz\/wp-content\/uploads\/2016\/11\/IMG_0372-e1495693581615-1024x729.jpg 1024w, https:\/\/www.uklokocnika.cz\/wp-content\/uploads\/2016\/11\/IMG_0372-e1495693581615-300x214.jpg 300w, https:\/\/www.uklokocnika.cz\/wp-content\/uploads\/2016\/11\/IMG_0372-e1495693581615-768x547.jpg 768w, https:\/\/www.uklokocnika.cz\/wp-content\/uploads\/2016\/11\/IMG_0372-e1495693581615.jpg 1402w\" sizes=\"(max-width: 1024px) 100vw, 1024px\" \/><\/a><\/p>\n\n\n<p><\/p>\n\n\n\n<p><\/p>\n\n\n\n<p><\/p>\n","protected":false},"excerpt":{"rendered":"<p>adresa:\u00a0 \u00a0Na Vesel\u00ed 702\/48, Praha 4, 140 00tram:\u00a0 \u00a0 \u00a0 \u00a0Na Vesel\u00ed, Vozovna Pankr\u00e1cbus:\u00a0 \u00a0 \u00a0 \u00a0 \u00a0zast\u00e1vka Jezerkametro:\u00a0 \u00a0 \u00a0zast\u00e1vka Pra\u017esk\u00e9ho povst\u00e1n\u00ed, Pankr\u00e1c tel.: rezervace, objedn\u00e1vka j\u00eddel: +420 731 827 930 tel.: rezervace &#8211; v\u00edce ne\u017e jeden st\u016fl, objedn\u00e1vky &#8211; rauty, oslavy: \u00a0+420\u00a0777 660 225 hospoda@uklokocnika.cz<\/p>\n","protected":false},"author":1,"featured_media":0,"parent":0,"menu_order":0,"comment_status":"closed","ping_status":"closed","template":"","meta":{"footnotes":""},"class_list":["post-55","page","type-page","status-publish","hentry"],"_links":{"self":[{"href":"https:\/\/www.uklokocnika.cz\/index.php?rest_route=\/wp\/v2\/pages\/55"}],"collection":[{"href":"https:\/\/www.uklokocnika.cz\/index.php?rest_route=\/wp\/v2\/pages"}],"about":[{"href":"https:\/\/www.uklokocnika.cz\/index.php?rest_route=\/wp\/v2\/types\/page"}],"author":[{"embeddable":true,"href":"https:\/\/www.uklokocnika.cz\/index.php?rest_route=\/wp\/v2\/users\/1"}],"replies":[{"embeddable":true,"href":"https:\/\/www.uklokocnika.cz\/index.php?rest_route=%2Fwp%2Fv2%2Fcomments&post=55"}],"version-history":[{"count":29,"href":"https:\/\/www.uklokocnika.cz\/index.php?rest_route=\/wp\/v2\/pages\/55\/revisions"}],"predecessor-version":[{"id":10477,"href":"https:\/\/www.uklokocnika.cz\/index.php?rest_route=\/wp\/v2\/pages\/55\/revisions\/10477"}],"wp:attachment":[{"href":"https:\/\/www.uklokocnika.cz\/index.php?rest_route=%2Fwp%2Fv2%2Fmedia&parent=55"}],"curies":[{"name":"wp","href":"https:\/\/api.w.org\/{rel}","templated":true}]}}